{"id":2524,"date":"2023-04-19T11:50:09","date_gmt":"2023-04-19T09:50:09","guid":{"rendered":"https:\/\/lleidaesportiu.futbol\/?page_id=2524"},"modified":"2024-07-16T11:53:25","modified_gmt":"2024-07-16T09:53:25","slug":"voluntariat-blau","status":"publish","type":"page","link":"https:\/\/lleidacf.cat\/es\/voluntariat-blau\/","title":{"rendered":"Voluntariado Azul"},"content":{"rendered":"<div data-elementor-type=\"wp-page\" data-elementor-id=\"2524\" class=\"elementor elementor-2524\" data-elementor-post-type=\"page\">\n\t\t\t\t\t\t<section class=\"elementor-section elementor-top-section elementor-element elementor-element-64027f8 elementor-section-boxed elementor-section-height-default elementor-section-height-default\" data-id=\"64027f8\" data-element_type=\"section\" data-e-type=\"section\">\n\t\t\t\t\t\t<div class=\"elementor-container elementor-column-gap-default\">\n\t\t\t\t\t<div class=\"elementor-column elementor-col-100 elementor-top-column elementor-element elementor-element-fae1754\" data-id=\"fae1754\" data-element_type=\"column\" data-e-type=\"column\">\n\t\t\t<div class=\"elementor-widget-wrap elementor-element-populated\">\n\t\t\t\t\t\t<div class=\"elementor-element elementor-element-2d91eec elementor-widget elementor-widget-spacer\" data-id=\"2d91eec\" data-element_type=\"widget\" data-e-type=\"widget\" data-widget_type=\"spacer.default\">\n\t\t\t\t<div class=\"elementor-widget-container\">\n\t\t\t\t\t\t\t<div class=\"elementor-spacer\">\n\t\t\t<div class=\"elementor-spacer-inner\"><\/div>\n\t\t<\/div>\n\t\t\t\t\t\t<\/div>\n\t\t\t\t<\/div>\n\t\t\t\t<div class=\"elementor-element elementor-element-a21817b elementor-widget elementor-widget-heading\" data-id=\"a21817b\" data-element_type=\"widget\" data-e-type=\"widget\" data-widget_type=\"heading.default\">\n\t\t\t\t<div class=\"elementor-widget-container\">\n\t\t\t\t\t<h1 class=\"elementor-heading-title elementor-size-default\">JUNTS SOM M\u00c9S BLAUS<\/h1>\t\t\t\t<\/div>\n\t\t\t\t<\/div>\n\t\t\t\t\t<\/div>\n\t\t<\/div>\n\t\t\t\t\t<\/div>\n\t\t<\/section>\n\t\t\t\t<section class=\"elementor-section elementor-top-section elementor-element elementor-element-b2e1bd1 elementor-section-boxed elementor-section-height-default elementor-section-height-default\" data-id=\"b2e1bd1\" data-element_type=\"section\" data-e-type=\"section\">\n\t\t\t\t\t\t<div class=\"elementor-container elementor-column-gap-default\">\n\t\t\t\t\t<div class=\"elementor-column elementor-col-100 elementor-top-column elementor-element elementor-element-5d6c09b\" data-id=\"5d6c09b\" data-element_type=\"column\" data-e-type=\"column\">\n\t\t\t<div class=\"elementor-widget-wrap elementor-element-populated\">\n\t\t\t\t\t\t<div class=\"elementor-element elementor-element-4cfb417 elementor-arrows-position-inside elementor-widget elementor-widget-image-carousel\" data-id=\"4cfb417\" data-element_type=\"widget\" data-e-type=\"widget\" data-settings=\"{&quot;slides_to_show&quot;:&quot;1&quot;,&quot;navigation&quot;:&quot;arrows&quot;,&quot;autoplay&quot;:&quot;yes&quot;,&quot;pause_on_hover&quot;:&quot;yes&quot;,&quot;pause_on_interaction&quot;:&quot;yes&quot;,&quot;autoplay_speed&quot;:5000,&quot;infinite&quot;:&quot;yes&quot;,&quot;effect&quot;:&quot;slide&quot;,&quot;speed&quot;:500}\" data-widget_type=\"image-carousel.default\">\n\t\t\t\t<div class=\"elementor-widget-container\">\n\t\t\t\t\t\t\t<div class=\"elementor-image-carousel-wrapper swiper\" role=\"region\" aria-roledescription=\"carousel\" aria-label=\"Carrusel de im\u00e1genes\" dir=\"ltr\" data-no-translation-aria-label=\"\">\n\t\t\t<div class=\"elementor-image-carousel swiper-wrapper\" aria-live=\"off\">\n\t\t\t\t\t\t\t\t<div class=\"swiper-slide\" role=\"group\" aria-roledescription=\"slide\" aria-label=\"1 de 3\" data-no-translation-aria-label=\"\"><figure class=\"swiper-slide-inner\"><img decoding=\"async\" class=\"swiper-slide-image\" src=\"https:\/\/lleidacf.cat\/wp-content\/uploads\/2023\/04\/PHOTO-2022-03-08-10-45-20-768x506.jpg\" alt=\"PHOTO-2022-03-08-10-45-20\" \/><\/figure><\/div><div class=\"swiper-slide\" role=\"group\" aria-roledescription=\"slide\" aria-label=\"2 de 3\" data-no-translation-aria-label=\"\"><figure class=\"swiper-slide-inner\"><img decoding=\"async\" class=\"swiper-slide-image\" src=\"https:\/\/lleidacf.cat\/wp-content\/uploads\/2023\/04\/PHOTO-2022-03-08-11-31-55-768x768.jpg\" alt=\"PHOTO-2022-03-08-11-31-55\" \/><\/figure><\/div><div class=\"swiper-slide\" role=\"group\" aria-roledescription=\"slide\" aria-label=\"3 de 3\" data-no-translation-aria-label=\"\"><figure class=\"swiper-slide-inner\"><img decoding=\"async\" class=\"swiper-slide-image\" src=\"https:\/\/lleidacf.cat\/wp-content\/uploads\/2023\/04\/PHOTO-2022-03-08-10-45-10-768x768.jpg\" alt=\"PHOTO-2022-03-08-10-45-10\" \/><\/figure><\/div>\t\t\t<\/div>\n\t\t\t\t\t\t\t\t\t\t\t\t<div class=\"elementor-swiper-button elementor-swiper-button-prev\" role=\"button\" tabindex=\"0\">\n\t\t\t\t\t\t<i aria-hidden=\"true\" class=\"eicon-chevron-left\"><\/i>\t\t\t\t\t<\/div>\n\t\t\t\t\t<div class=\"elementor-swiper-button elementor-swiper-button-next\" role=\"button\" tabindex=\"0\">\n\t\t\t\t\t\t<i aria-hidden=\"true\" class=\"eicon-chevron-right\"><\/i>\t\t\t\t\t<\/div>\n\t\t\t\t\n\t\t\t\t\t\t\t\t\t<\/div>\n\t\t\t\t\t\t<\/div>\n\t\t\t\t<\/div>\n\t\t\t\t<div class=\"elementor-element elementor-element-2c0c0d4 elementor-widget-divider--view-line elementor-widget elementor-widget-divider\" data-id=\"2c0c0d4\" data-element_type=\"widget\" data-e-type=\"widget\" data-widget_type=\"divider.default\">\n\t\t\t\t<div class=\"elementor-widget-container\">\n\t\t\t\t\t\t\t<div class=\"elementor-divider\">\n\t\t\t<span class=\"elementor-divider-separator\">\n\t\t\t\t\t\t<\/span>\n\t\t<\/div>\n\t\t\t\t\t\t<\/div>\n\t\t\t\t<\/div>\n\t\t\t\t\t<\/div>\n\t\t<\/div>\n\t\t\t\t\t<\/div>\n\t\t<\/section>\n\t\t\t\t<section class=\"elementor-section elementor-top-section elementor-element elementor-element-ffe0b18 elementor-section-boxed elementor-section-height-default elementor-section-height-default\" data-id=\"ffe0b18\" data-element_type=\"section\" data-e-type=\"section\">\n\t\t\t\t\t\t<div class=\"elementor-container elementor-column-gap-default\">\n\t\t\t\t\t<div class=\"elementor-column elementor-col-100 elementor-top-column elementor-element elementor-element-9c12e25\" data-id=\"9c12e25\" data-element_type=\"column\" data-e-type=\"column\">\n\t\t\t<div class=\"elementor-widget-wrap elementor-element-populated\">\n\t\t\t\t\t\t<div class=\"elementor-element elementor-element-418e06b elementor-widget elementor-widget-text-editor\" data-id=\"418e06b\" data-element_type=\"widget\" data-e-type=\"widget\" data-widget_type=\"text-editor.default\">\n\t\t\t\t<div class=\"elementor-widget-container\">\n\t\t\t\t\t\t\t\t\t<h3 style=\"text-align: center;\">\u2018Voluntaris Blaus\u2019 existeix per permetre que el sentiment pel Lleida CF transcendeixi tot donant suport a les activitats i programes del club.<\/h3><h3>\u00a0<\/h3><h6 style=\"text-align: center;\"><strong>L\u00edneas de acci\u00f3n:<\/strong><\/h6><h6 style=\"text-align: center;\"><strong>Apoyo al Primer Equipo<\/strong><\/h6><h6 style=\"text-align: center;\"><strong>Suport als equips de la Base Blava<\/strong><\/h6><h6 style=\"text-align: center;\"><strong>Acci\u00f3 social Lleida CF<\/strong><\/h6><h3>\u00a0<\/h3><h3 style=\"text-align: center;\"><strong>Qui pot ser voluntari@ del Lleida CF?<\/strong><\/h3><p style=\"text-align: center;\">Podran ser-ho aquelles persones amb un sentiment pel Lleida CF que els motivi a aportar la seva acci\u00f3 volunt\u00e0ria sempre que compleixin els seg\u00fcents requisits:<\/p><p style=\"text-align: center;\">Ser mayor de 18 a\u00f1os<\/p><p style=\"text-align: center;\">Estar inscrit@ en la bolsa del Programa de voluntariado<\/p><p style=\"text-align: center;\">Comprometerse al cumplimiento de los deberes que la acci\u00f3n voluntaria comporta<\/p>\t\t\t\t\t\t\t\t<\/div>\n\t\t\t\t<\/div>\n\t\t\t\t<div class=\"elementor-element elementor-element-d3e33fd elementor-align-center elementor-widget elementor-widget-button\" data-id=\"d3e33fd\" data-element_type=\"widget\" data-e-type=\"widget\" data-widget_type=\"button.default\">\n\t\t\t\t<div class=\"elementor-widget-container\">\n\t\t\t\t\t\t\t\t\t<div class=\"elementor-button-wrapper\">\n\t\t\t\t\t<a class=\"elementor-button elementor-button-link elementor-size-lg\" href=\"https:\/\/forms.gle\/4WD7GnbC7FCBbdu2A\" target=\"_blank\" rel=\"noopener\">\n\t\t\t\t\t\t<span class=\"elementor-button-content-wrapper\">\n\t\t\t\t\t\t<span class=\"elementor-button-icon\">\n\t\t\t\t<i aria-hidden=\"true\" class=\"far fa-futbol\"><\/i>\t\t\t<\/span>\n\t\t\t\t\t\t\t\t\t<span class=\"elementor-button-text\">\u00bfQUIERES HACER VOLUNTARIADO?<\/span>\n\t\t\t\t\t<\/span>\n\t\t\t\t\t<\/a>\n\t\t\t\t<\/div>\n\t\t\t\t\t\t\t\t<\/div>\n\t\t\t\t<\/div>\n\t\t\t\t<section class=\"elementor-section elementor-inner-section elementor-element elementor-element-24e69ec elementor-section-boxed elementor-section-height-default elementor-section-height-default\" data-id=\"24e69ec\" data-element_type=\"section\" data-e-type=\"section\">\n\t\t\t\t\t\t<div class=\"elementor-container elementor-column-gap-default\">\n\t\t\t\t\t<div class=\"elementor-column elementor-col-100 elementor-inner-column elementor-element elementor-element-361ca79\" data-id=\"361ca79\" data-element_type=\"column\" data-e-type=\"column\">\n\t\t\t<div class=\"elementor-widget-wrap elementor-element-populated\">\n\t\t\t\t\t\t<div class=\"elementor-element elementor-element-a0a201c elementor-widget elementor-widget-heading\" data-id=\"a0a201c\" data-element_type=\"widget\" data-e-type=\"widget\" data-widget_type=\"heading.default\">\n\t\t\t\t<div class=\"elementor-widget-container\">\n\t\t\t\t\t<h2 class=\"elementor-heading-title elementor-size-default\"><div id=\"view\"><div id=\"content\" class=\"site-content\"><div class=\"woostify-container\"><div id=\"primary\" class=\"content-area\"><main id=\"main\" class=\"site-main\"><article id=\"post-2524\" class=\"post-2524 page type-page status-publish hentry\"><div data-elementor-type=\"wp-page\" data-elementor-id=\"2524\" class=\"elementor elementor-2524 elementor-edit-area elementor-edit-mode elementor-edit-area-active\" data-elementor-title=\"P\u00e0gina\"><div class=\"elementor-section-wrap ui-sortable\"><section data-id=\"ffe0b18\" data-element_type=\"section\" class=\"elementor-element elementor-element-edit-mode elementor-element-ffe0b18 elementor-section elementor-top-section elementor-section-boxed elementor-section-height-default\" id=\"\" data-model-cid=\"c64\"><div class=\"elementor-container elementor-column-gap-default ui-sortable\"><div data-id=\"9c12e25\" data-element_type=\"column\" class=\"elementor-element elementor-element-edit-mode elementor-element-9c12e25 elementor-element--toggle-edit-tools elementor-column elementor-top-column ui-resizable\" id=\"\" data-col=\"100\" data-model-cid=\"c65\"><div class=\"elementor-widget-wrap elementor-element-populated ui-sortable\"><div data-id=\"418e06b\" data-element_type=\"widget\" class=\"elementor-element elementor-element-edit-mode elementor-element-418e06b elementor-element--toggle-edit-tools elementor-widget elementor-widget-text-editor ui-resizable elementor-element-editable\" data-model-cid=\"c66\" id=\"\" data-widget_type=\"text-editor.default\"><div class=\"elementor-widget-container\"><div class=\"elementor-text-editor elementor-clearfix elementor-inline-editing pen\" data-elementor-setting-key=\"editor\" data-elementor-inline-editing-toolbar=\"advanced\" data-pen-placeholder=\"Escriviu aqu\u00ed...\"><h3 style=\"text-align: center\">Contacta con nosotros en el correo\n<\/h3><h5 style=\"text-align: center\"><a href=\"mailto:voluntariat@lleidaesportiu.futbol\">voluntariat@lleidacf.cat<\/a>&nbsp;<\/h5><\/div><\/div><\/div><\/div><\/div><\/div><\/section><\/div><\/div><\/article><\/main><\/div><\/div><\/div><\/div><\/h2>\t\t\t\t<\/div>\n\t\t\t\t<\/div>\n\t\t\t\t\t<\/div>\n\t\t<\/div>\n\t\t\t\t\t<\/div>\n\t\t<\/section>\n\t\t\t\t<div class=\"elementor-element elementor-element-bff284a elementor-widget elementor-widget-spacer\" data-id=\"bff284a\" data-element_type=\"widget\" data-e-type=\"widget\" data-widget_type=\"spacer.default\">\n\t\t\t\t<div class=\"elementor-widget-container\">\n\t\t\t\t\t\t\t<div class=\"elementor-spacer\">\n\t\t\t<div class=\"elementor-spacer-inner\"><\/div>\n\t\t<\/div>\n\t\t\t\t\t\t<\/div>\n\t\t\t\t<\/div>\n\t\t\t\t\t<\/div>\n\t\t<\/div>\n\t\t\t\t\t<\/div>\n\t\t<\/section>\n\t\t\t\t<\/div>","protected":false},"excerpt":{"rendered":"<p>JUNTS SOM M\u00c9S BLAUS \u2018Voluntaris Blaus\u2019 existeix per permetre que el sentiment pel Lleida CF transcendeixi tot donant suport a&#8230;<\/p>","protected":false},"author":3,"featured_media":0,"parent":0,"menu_order":0,"comment_status":"closed","ping_status":"closed","template":"","meta":{"footnotes":""},"club":[],"class_list":["post-2524","page","type-page","status-publish","hentry"],"_links":{"self":[{"href":"https:\/\/lleidacf.cat\/es\/wp-json\/wp\/v2\/pages\/2524","targetHints":{"allow":["GET"]}}],"collection":[{"href":"https:\/\/lleidacf.cat\/es\/wp-json\/wp\/v2\/pages"}],"about":[{"href":"https:\/\/lleidacf.cat\/es\/wp-json\/wp\/v2\/types\/page"}],"author":[{"embeddable":true,"href":"https:\/\/lleidacf.cat\/es\/wp-json\/wp\/v2\/users\/3"}],"replies":[{"embeddable":true,"href":"https:\/\/lleidacf.cat\/es\/wp-json\/wp\/v2\/comments?post=2524"}],"version-history":[{"count":0,"href":"https:\/\/lleidacf.cat\/es\/wp-json\/wp\/v2\/pages\/2524\/revisions"}],"wp:attachment":[{"href":"https:\/\/lleidacf.cat\/es\/wp-json\/wp\/v2\/media?parent=2524"}],"wp:term":[{"taxonomy":"club","embeddable":true,"href":"https:\/\/lleidacf.cat\/es\/wp-json\/wp\/v2\/club?post=2524"}],"curies":[{"name":"wp","href":"https:\/\/api.w.org\/{rel}","templated":true}]}}