{"id":49,"date":"2022-08-19T10:41:36","date_gmt":"2022-08-19T08:41:36","guid":{"rendered":"https:\/\/lleidaesportiu.futbol\/?page_id=49"},"modified":"2025-08-31T14:06:43","modified_gmt":"2025-08-31T12:06:43","slug":"quienes-somos","status":"publish","type":"page","link":"https:\/\/lleidacf.cat\/es\/quienes-somos\/","title":{"rendered":"Qui\u00e9nes somos"},"content":{"rendered":"<div data-elementor-type=\"wp-page\" data-elementor-id=\"49\" class=\"elementor elementor-49\" data-elementor-post-type=\"page\">\n\t\t\t\t\t\t<section class=\"elementor-section elementor-top-section elementor-element elementor-element-514b5bb elementor-section-boxed elementor-section-height-default elementor-section-height-default\" data-id=\"514b5bb\" data-element_type=\"section\" data-e-type=\"section\">\n\t\t\t\t\t\t<div class=\"elementor-container elementor-column-gap-default\">\n\t\t\t\t\t<div class=\"elementor-column elementor-col-100 elementor-top-column elementor-element elementor-element-77382ec\" data-id=\"77382ec\" data-element_type=\"column\" data-e-type=\"column\">\n\t\t\t<div class=\"elementor-widget-wrap elementor-element-populated\">\n\t\t\t\t\t\t<div class=\"elementor-element elementor-element-cfbf28d elementor-widget elementor-widget-text-editor\" data-id=\"cfbf28d\" data-element_type=\"widget\" data-e-type=\"widget\" data-widget_type=\"text-editor.default\">\n\t\t\t\t<div class=\"elementor-widget-container\">\n\t\t\t\t\t\t\t\t\t<p><strong>Club Lleida CF<\/strong> (antes Uni\u00f3 Esportiva Lleida)<br \/><strong>Apodo:<\/strong> Azules de la Tierra Firme<br \/><strong>Presidente:<\/strong> Luis Pereira Barreiro<br \/><strong>Entrenador:<\/strong> Jordi Cort\u00e9s<br \/><strong>Liga:<\/strong> Tercera Divisi\u00f3 RFEF<\/p>\t\t\t\t\t\t\t\t<\/div>\n\t\t\t\t<\/div>\n\t\t\t\t\t<\/div>\n\t\t<\/div>\n\t\t\t\t\t<\/div>\n\t\t<\/section>\n\t\t\t\t<section class=\"elementor-section elementor-top-section elementor-element elementor-element-dc9ee12 elementor-section-boxed elementor-section-height-default elementor-section-height-default\" data-id=\"dc9ee12\" data-element_type=\"section\" data-e-type=\"section\">\n\t\t\t\t\t\t<div class=\"elementor-container elementor-column-gap-default\">\n\t\t\t\t\t<div class=\"elementor-column elementor-col-50 elementor-top-column elementor-element elementor-element-9c7d3ae\" data-id=\"9c7d3ae\" data-element_type=\"column\" data-e-type=\"column\">\n\t\t\t<div class=\"elementor-widget-wrap elementor-element-populated\">\n\t\t\t\t\t\t<div class=\"elementor-element elementor-element-2a8818b elementor-widget elementor-widget-heading\" data-id=\"2a8818b\" data-element_type=\"widget\" data-e-type=\"widget\" data-widget_type=\"heading.default\">\n\t\t\t\t<div class=\"elementor-widget-container\">\n\t\t\t\t\t<h2 class=\"elementor-heading-title elementor-size-default\">Qui\u00e9nes somos<\/h2>\t\t\t\t<\/div>\n\t\t\t\t<\/div>\n\t\t\t\t<div class=\"elementor-element elementor-element-d4edc4f elementor-widget-divider--view-line elementor-widget elementor-widget-divider\" data-id=\"d4edc4f\" data-element_type=\"widget\" data-e-type=\"widget\" data-widget_type=\"divider.default\">\n\t\t\t\t<div class=\"elementor-widget-container\">\n\t\t\t\t\t\t\t<div class=\"elementor-divider\">\n\t\t\t<span class=\"elementor-divider-separator\">\n\t\t\t\t\t\t<\/span>\n\t\t<\/div>\n\t\t\t\t\t\t<\/div>\n\t\t\t\t<\/div>\n\t\t\t\t<div class=\"elementor-element elementor-element-10bab0a elementor-widget elementor-widget-text-editor\" data-id=\"10bab0a\" data-element_type=\"widget\" data-e-type=\"widget\" data-widget_type=\"text-editor.default\">\n\t\t\t\t<div class=\"elementor-widget-container\">\n\t\t\t\t\t\t\t\t\t<p>El Lleida CF \u00e9s el club de futbol de la ciutat de Lleida i de les Terres de Ponent que pren aquest nom el juliol de 2024 per evidenciar una nova etapa despr\u00e9s dels anys d\u2019activitat com a Lleida Esportiu, entitat fundada rere la desaparici\u00f3 de la Uni\u00f3 Esportiva Lleida.<\/p><p>\u00c9s el club de futbol de refer\u00e8ncia del territori de Lleida per hist\u00f2ria, afici\u00f3, socis, pressupost i estadi. Milita actualment a la Tercera Divisi\u00f3 de la Real Federaci\u00f3n Espa\u00f1ola de F\u00fatbol i t\u00e9 com a objectiu el seu ascens de categoria, a m\u00e9s, de recuperar i consolidar una Base s\u00f2lida que es potenciar\u00e0, de manera insistent, per a convertir-la en un bon planter de futbolistes que puguin arribar al Primer Equip.<\/p><p>L\u2019objectiu \u00e9s professionalitzar l\u2019entitat i fer que dugui\u00a0arreu el bon nom de Lleida, integrant-se a la societat lleidatana, col\u00b7laborant amb la resta de clubs esportius i generar un projecte guanyador i amb valors<\/p>\t\t\t\t\t\t\t\t<\/div>\n\t\t\t\t<\/div>\n\t\t\t\t\t<\/div>\n\t\t<\/div>\n\t\t\t\t<div class=\"elementor-column elementor-col-50 elementor-top-column elementor-element elementor-element-1ce5b0c\" data-id=\"1ce5b0c\" data-element_type=\"column\" data-e-type=\"column\" data-settings=\"{&quot;background_background&quot;:&quot;classic&quot;}\">\n\t\t\t<div class=\"elementor-widget-wrap elementor-element-populated\">\n\t\t\t\t\t\t<div class=\"elementor-element elementor-element-0e562d4 elementor-widget elementor-widget-spacer\" data-id=\"0e562d4\" data-element_type=\"widget\" data-e-type=\"widget\" data-widget_type=\"spacer.default\">\n\t\t\t\t<div class=\"elementor-widget-container\">\n\t\t\t\t\t\t\t<div class=\"elementor-spacer\">\n\t\t\t<div class=\"elementor-spacer-inner\"><\/div>\n\t\t<\/div>\n\t\t\t\t\t\t<\/div>\n\t\t\t\t<\/div>\n\t\t\t\t\t<\/div>\n\t\t<\/div>\n\t\t\t\t\t<\/div>\n\t\t<\/section>\n\t\t\t\t<section class=\"elementor-section elementor-top-section elementor-element elementor-element-2869ec7 elementor-section-boxed elementor-section-height-default elementor-section-height-default\" data-id=\"2869ec7\" data-element_type=\"section\" data-e-type=\"section\">\n\t\t\t\t\t\t<div class=\"elementor-container elementor-column-gap-default\">\n\t\t\t\t\t<div class=\"elementor-column elementor-col-50 elementor-top-column elementor-element elementor-element-bbfe127\" data-id=\"bbfe127\" data-element_type=\"column\" data-e-type=\"column\" data-settings=\"{&quot;background_background&quot;:&quot;classic&quot;}\">\n\t\t\t<div class=\"elementor-widget-wrap elementor-element-populated\">\n\t\t\t\t\t\t<div class=\"elementor-element elementor-element-d1d2d23 elementor-widget elementor-widget-spacer\" data-id=\"d1d2d23\" data-element_type=\"widget\" data-e-type=\"widget\" data-widget_type=\"spacer.default\">\n\t\t\t\t<div class=\"elementor-widget-container\">\n\t\t\t\t\t\t\t<div class=\"elementor-spacer\">\n\t\t\t<div class=\"elementor-spacer-inner\"><\/div>\n\t\t<\/div>\n\t\t\t\t\t\t<\/div>\n\t\t\t\t<\/div>\n\t\t\t\t\t<\/div>\n\t\t<\/div>\n\t\t\t\t<div class=\"elementor-column elementor-col-50 elementor-top-column elementor-element elementor-element-562c890\" data-id=\"562c890\" data-element_type=\"column\" data-e-type=\"column\">\n\t\t\t<div class=\"elementor-widget-wrap elementor-element-populated\">\n\t\t\t\t\t\t<div class=\"elementor-element elementor-element-a66f41b elementor-widget elementor-widget-heading\" data-id=\"a66f41b\" data-element_type=\"widget\" data-e-type=\"widget\" data-widget_type=\"heading.default\">\n\t\t\t\t<div class=\"elementor-widget-container\">\n\t\t\t\t\t<h2 class=\"elementor-heading-title elementor-size-default\">El escudo<\/h2>\t\t\t\t<\/div>\n\t\t\t\t<\/div>\n\t\t\t\t<div class=\"elementor-element elementor-element-241f1fa elementor-widget-divider--view-line elementor-widget elementor-widget-divider\" data-id=\"241f1fa\" data-element_type=\"widget\" data-e-type=\"widget\" data-widget_type=\"divider.default\">\n\t\t\t\t<div class=\"elementor-widget-container\">\n\t\t\t\t\t\t\t<div class=\"elementor-divider\">\n\t\t\t<span class=\"elementor-divider-separator\">\n\t\t\t\t\t\t<\/span>\n\t\t<\/div>\n\t\t\t\t\t\t<\/div>\n\t\t\t\t<\/div>\n\t\t\t\t<div class=\"elementor-element elementor-element-a2ea824 elementor-widget elementor-widget-text-editor\" data-id=\"a2ea824\" data-element_type=\"widget\" data-e-type=\"widget\" data-widget_type=\"text-editor.default\">\n\t\t\t\t<div class=\"elementor-widget-container\">\n\t\t\t\t\t\t\t\t\t<p>L\u2019escut reflecteix el blas\u00f3 de la ciutat de Lleida i \u00e9s un atractiu molt popular. A la part superior hi ha la Seu Vella sobre un fons blau cel; al centre el nom del club sobre fons negre i a la part inferior, l\u2019escut d\u2019armes de Lleida compost per un fons d\u2019or amb quatre barres de gules i una branca de lliri de tres tiges de sinople.<\/p><p>Tot i que la base de l\u2019escut ha estat sempre la mateixa, s\u2019han fet modificacions per modernitzar-lo que impliquen haver estilitzat el disseny de la catedral. A m\u00e9s, tamb\u00e9 s\u2019ha anat canviant el nom per a reflectir les denominacions socials que el club ha anat tenint. L\u2019escut \u00e9s un disseny molt similar al que feia servir el Lleida Balompi\u00e9, fundat el 1939.<\/p><p>Els colors distintius s\u00f3n el blau a la samarreta i el blanc als pantalons tot i que cal destacar que els primers partits van ser disputats amb pantalons negres. La primera junta directiva va escollir aquestes tonalitats en ser els colors marians de l\u2019Associaci\u00f3 d\u2019Exalumnes Maristes (AEM), una de les entitats fundadores de la Uni\u00f3 Esportiva Lleida.<\/p><p>El to blau ha variat amb el pas del temps. Al principi era blau cel, per\u00f2 als anys 1980 va comen\u00e7ar a usar-se un blau m\u00e9s fosc. Al llarg de la seva hist\u00f2ria l\u2019equipament ha estat dissenyat per marques com Adidas, Kappa o Joma. El darrer fabricant de la UE Lleida va ser Elements i actualment \u00e9s, novament, Adidas.<\/p>\t\t\t\t\t\t\t\t<\/div>\n\t\t\t\t<\/div>\n\t\t\t\t\t<\/div>\n\t\t<\/div>\n\t\t\t\t\t<\/div>\n\t\t<\/section>\n\t\t\t\t<section class=\"elementor-section elementor-top-section elementor-element elementor-element-f36071e elementor-section-boxed elementor-section-height-default elementor-section-height-default\" data-id=\"f36071e\" data-element_type=\"section\" data-e-type=\"section\">\n\t\t\t\t\t\t<div class=\"elementor-container elementor-column-gap-default\">\n\t\t\t\t\t<div class=\"elementor-column elementor-col-100 elementor-top-column elementor-element elementor-element-0437e78\" data-id=\"0437e78\" data-element_type=\"column\" data-e-type=\"column\">\n\t\t\t<div class=\"elementor-widget-wrap elementor-element-populated\">\n\t\t\t\t\t\t<div class=\"elementor-element elementor-element-c7c91d1 elementor-widget elementor-widget-heading\" data-id=\"c7c91d1\" data-element_type=\"widget\" data-e-type=\"widget\" data-widget_type=\"heading.default\">\n\t\t\t\t<div class=\"elementor-widget-container\">\n\t\t\t\t\t<h2 class=\"elementor-heading-title elementor-size-default\">El himno<\/h2>\t\t\t\t<\/div>\n\t\t\t\t<\/div>\n\t\t\t\t<div class=\"elementor-element elementor-element-b5ff49e elementor-widget-divider--view-line elementor-widget elementor-widget-divider\" data-id=\"b5ff49e\" data-element_type=\"widget\" data-e-type=\"widget\" data-widget_type=\"divider.default\">\n\t\t\t\t<div class=\"elementor-widget-container\">\n\t\t\t\t\t\t\t<div class=\"elementor-divider\">\n\t\t\t<span class=\"elementor-divider-separator\">\n\t\t\t\t\t\t<\/span>\n\t\t<\/div>\n\t\t\t\t\t\t<\/div>\n\t\t\t\t<\/div>\n\t\t\t\t<div class=\"elementor-element elementor-element-82c3d81 elementor-widget elementor-widget-video\" data-id=\"82c3d81\" data-element_type=\"widget\" data-e-type=\"widget\" data-settings=\"{&quot;youtube_url&quot;:&quot;https:\\\/\\\/www.youtube.com\\\/watch?v=ivupzITHtsk&quot;,&quot;video_type&quot;:&quot;youtube&quot;,&quot;controls&quot;:&quot;yes&quot;}\" data-widget_type=\"video.default\">\n\t\t\t\t<div class=\"elementor-widget-container\">\n\t\t\t\t\t\t\t<div class=\"elementor-wrapper elementor-open-inline\">\n\t\t\t<div class=\"elementor-video\"><\/div>\t\t<\/div>\n\t\t\t\t\t\t<\/div>\n\t\t\t\t<\/div>\n\t\t\t\t<div class=\"elementor-element elementor-element-102550a elementor-widget elementor-widget-text-editor\" data-id=\"102550a\" data-element_type=\"widget\" data-e-type=\"widget\" data-widget_type=\"text-editor.default\">\n\t\t\t\t<div class=\"elementor-widget-container\">\n\t\t\t\t\t\t\t\t\t<p>Autor: <a href=\"https:\/\/es.wikipedia.org\/wiki\/Jordi_Gonzalvo\" target=\"_blank\" rel=\"noopener\"><strong>Jordi Gonzalvo Sol\u00e0<\/strong><\/a><br \/><a href=\"https:\/\/www.cihefe.es\/cuadernosdefutbol\/2014\/10\/el-himno-del-entrenador\/\" target=\"_blank\" rel=\"noopener\">Conoce la <strong>historia<\/strong> del himno del Lleida Esportiu de la mano de <strong>Dani Bad\u00eda<\/strong><\/a><\/p>\t\t\t\t\t\t\t\t<\/div>\n\t\t\t\t<\/div>\n\t\t\t\t\t<\/div>\n\t\t<\/div>\n\t\t\t\t\t<\/div>\n\t\t<\/section>\n\t\t\t\t<\/div>","protected":false},"excerpt":{"rendered":"<p>Club Lleida CF (abans Uni\u00f3 Esportiva Lleida)Sobrenom: Blaus de la Terra FermaPresident: Luis Pereira BarreiroEntrenador: Jordi Cort\u00e9sLliga: Tercera Divisi\u00f3 RFEF&#8230;<\/p>","protected":false},"author":3,"featured_media":0,"parent":0,"menu_order":0,"comment_status":"closed","ping_status":"closed","template":"","meta":{"footnotes":""},"club":[],"class_list":["post-49","page","type-page","status-publish","hentry"],"_links":{"self":[{"href":"https:\/\/lleidacf.cat\/es\/wp-json\/wp\/v2\/pages\/49","targetHints":{"allow":["GET"]}}],"collection":[{"href":"https:\/\/lleidacf.cat\/es\/wp-json\/wp\/v2\/pages"}],"about":[{"href":"https:\/\/lleidacf.cat\/es\/wp-json\/wp\/v2\/types\/page"}],"author":[{"embeddable":true,"href":"https:\/\/lleidacf.cat\/es\/wp-json\/wp\/v2\/users\/3"}],"replies":[{"embeddable":true,"href":"https:\/\/lleidacf.cat\/es\/wp-json\/wp\/v2\/comments?post=49"}],"version-history":[{"count":0,"href":"https:\/\/lleidacf.cat\/es\/wp-json\/wp\/v2\/pages\/49\/revisions"}],"wp:attachment":[{"href":"https:\/\/lleidacf.cat\/es\/wp-json\/wp\/v2\/media?parent=49"}],"wp:term":[{"taxonomy":"club","embeddable":true,"href":"https:\/\/lleidacf.cat\/es\/wp-json\/wp\/v2\/club?post=49"}],"curies":[{"name":"wp","href":"https:\/\/api.w.org\/{rel}","templated":true}]}}